{"id":102,"date":"2018-06-15T04:33:37","date_gmt":"2018-06-15T04:33:37","guid":{"rendered":"https:\/\/demo.harutheme.com\/formota\/?page_id=102"},"modified":"2024-05-05T20:00:59","modified_gmt":"2024-05-05T20:00:59","slug":"support-us","status":"publish","type":"page","link":"https:\/\/saffm.centrekabir.com\/fr\/support-us\/","title":{"rendered":"APPUYEZ-NOUS"},"content":{"rendered":"<div class=\"wpb-content-wrapper\"><div data-vc-full-width=\"true\" data-vc-full-width-init=\"false\" class=\"vc_row wpb_row vc_row-fluid vc_custom_1706536138793 vc_row-has-fill\"><div class=\"wpb_column vc_column_container vc_col-sm-12\"><div class=\"vc_column-inner\"><div class=\"wpb_wrapper\"><div class=\"vc_row wpb_row vc_inner vc_row-fluid\"><div class=\"wpb_column vc_column_container vc_col-sm-6\"><div class=\"vc_column-inner\"><div class=\"wpb_wrapper\"><h2 style=\"text-align: left\" class=\"vc_custom_heading vc_custom_1706530365826 heading_style_4\">C\u00e9l\u00e9bration d'une d\u00e9cennie d'excellence cin\u00e9matographique<\/h2><\/div><\/div><\/div><div class=\"wpb_column vc_column_container vc_col-sm-6\"><div class=\"vc_column-inner\"><div class=\"wpb_wrapper\"><h2 style=\"text-align: left\" class=\"vc_custom_heading heading_style_5\">Le parcours de notre festival<\/h2>\n\t<div class=\"wpb_text_column wpb_content_element\" >\n\t\t<div class=\"wpb_wrapper\">\n\t\t\t<p class=\"p1\">Fond\u00e9 en 2011 sous la direction visionnaire de feu Mme Vijaya Mulay, \u00e9minente figure du cin\u00e9ma documentaire, de l'histoire du film et de l'\u00e9ducation, ainsi que de M. Thomas Waugh, le distingu\u00e9 professeur \u00e9m\u00e9rite d'\u00e9tudes cin\u00e9matographiques et d'\u00e9tudes interdisciplinaires sur la sexualit\u00e9 et le cin\u00e9ma \u00e0 l'Universit\u00e9 Concordia, notre festival est devenu un phare pour le cin\u00e9ma ind\u00e9pendant.<\/p>\n\n\t\t<\/div>\n\t<\/div>\n<\/div><\/div><\/div><\/div><div class=\"vc_row wpb_row vc_inner vc_row-fluid vc_custom_1529461415837\"><div class=\"wpb_column vc_column_container vc_col-sm-4\"><div class=\"vc_column-inner\"><div class=\"wpb_wrapper\">            \n            <div class=\"\">\n                \n<div class=\"icon-box-shortcode-wrap style_2\">\n    <div class=\"icon-box-container\">\n        <div class=\"icon-top\">\n            <div class=\"icon-wrap\">\n                <img decoding=\"async\" src=\"https:\/\/saffm.centrekabir.com\/wp-content\/uploads\/2018\/08\/icon-service-social.png\" alt=\"A Platform for Diverse Voices and Stories\">\n            <\/div>\n            <div class=\"icon-title\">\n                                <h5>Une plateforme pour des voix et des histoires diverses<\/h5>\n                            <\/div>\n        <\/div>\n        <div class=\"icon-content\">\n            <p class=\"icon-description\">Au c\u0153ur de sa mission, le festival c\u00e9l\u00e8bre l'esprit du cin\u00e9ma ind\u00e9pendant. Nous pr\u00e9sentons un m\u00e9lange \u00e9clectique de films couvrant un large \u00e9ventail de th\u00e8mes, donnant vie aux diverses et vibrantes mosa\u00efques d'exp\u00e9riences humaines. Parti de modestes d\u00e9buts avec seulement six films en 2011, le festival s'est \u00e9panoui pour devenir un \u00e9v\u00e9nement tr\u00e8s attendu, pr\u00e9sentant plus de cinquante films dans notre derni\u00e8re \u00e9dition, \u00e0 la fois sur place et en ligne.<\/p>\n        <\/div>\n    <\/div>\n<\/div>            <\/div>\n            \n        <\/div><\/div><\/div><div class=\"wpb_column vc_column_container vc_col-sm-4\"><div class=\"vc_column-inner\"><div class=\"wpb_wrapper\">            \n            <div class=\"\">\n                \n<div class=\"icon-box-shortcode-wrap style_2\">\n    <div class=\"icon-box-container\">\n        <div class=\"icon-top\">\n            <div class=\"icon-wrap\">\n                <img decoding=\"async\" src=\"https:\/\/saffm.centrekabir.com\/wp-content\/uploads\/2018\/08\/icon-service-video-edit.png\" alt=\"A Global Stage for South Asian Cinema\">\n            <\/div>\n            <div class=\"icon-title\">\n                                <h5>Une sc\u00e8ne mondiale pour le cin\u00e9ma sud-asiatique<\/h5>\n                            <\/div>\n        <\/div>\n        <div class=\"icon-content\">\n            <p class=\"icon-description\">Notre attention se porte principalement sur les films provenant des pays d'Asie du Sud - Afghanistan, N\u00e9pal, Pakistan, Inde, Bangladesh, Sri Lanka - et leurs diasporas \u00e0 travers le monde. Dans notre qu\u00eate de diversit\u00e9 cin\u00e9matographique, nous incluons occasionnellement des films s\u00e9lectionn\u00e9s de r\u00e9gions voisines telles que l'Iran et la Turquie, enrichissant notre r\u00e9pertoire de leurs perspectives narratives uniques.<\/p>\n        <\/div>\n    <\/div>\n<\/div>            <\/div>\n            \n        <\/div><\/div><\/div><div class=\"wpb_column vc_column_container vc_col-sm-4\"><div class=\"vc_column-inner\"><div class=\"wpb_wrapper\">            \n            <div class=\"\">\n                \n<div class=\"icon-box-shortcode-wrap style_2\">\n    <div class=\"icon-box-container\">\n        <div class=\"icon-top\">\n            <div class=\"icon-wrap\">\n                <img decoding=\"async\" src=\"https:\/\/saffm.centrekabir.com\/wp-content\/uploads\/2018\/08\/icon-service-content.png\" alt=\"Language: A Mosaic of Cultural Expressions\">\n            <\/div>\n            <div class=\"icon-title\">\n                                    <a href=\"#\" title=\"\" target=\"_self\">\n                                <h5>Langues : Une mosa\u00efque d'expressions culturelles<\/h5>\n                                    <\/a>\n                            <\/div>\n        <\/div>\n        <div class=\"icon-content\">\n            <p class=\"icon-description\">Une mosa\u00efque d'expressions culturelles, le festival est une symphonie de langues qui pr\u00e9sente des films dans plusieurs langues r\u00e9gionales de l'Asie du Sud, y compris l'anglais. Cette diversit\u00e9 linguistique t\u00e9moigne de notre engagement envers la repr\u00e9sentativit\u00e9 culturelle et l'inclusion.<\/p>\n        <\/div>\n    <\/div>\n<\/div>            <\/div>\n            \n        <\/div><\/div><\/div><\/div><\/div><\/div><\/div><\/div><div class=\"vc_row-full-width vc_clearfix\"><\/div><div id=\"patrons\" data-vc-full-width=\"true\" data-vc-full-width-init=\"false\" class=\"vc_row wpb_row vc_row-fluid vc_custom_1706538601677 vc_row-has-fill\"><div class=\"wpb_column vc_column_container vc_col-sm-12\"><div class=\"vc_column-inner\"><div class=\"wpb_wrapper\"><div class=\"vc_row wpb_row vc_inner vc_row-fluid\"><div class=\"wpb_column vc_column_container vc_col-sm-12\"><div class=\"vc_column-inner\"><div class=\"wpb_wrapper\"><h2 style=\"text-align: center\" class=\"vc_custom_heading heading_style_2\">Funders &amp; Partners<\/h2><\/div><\/div><\/div><\/div><div class=\"vc_row wpb_row vc_inner vc_row-fluid vc_custom_1706534633977 vc_row-has-fill\"><div class=\"wpb_column vc_column_container vc_col-sm-12\"><div class=\"vc_column-inner\"><div class=\"wpb_wrapper\">                        <div class=\"\">\n                <div class=\"clients-shortcode-wrap carousel\">\n    <div class=\"haru-carousel clients-list owl-carousel owl-theme\"\n        data-items=\"6\"\n        data-items-tablet=\"3\"\n        data-items-mobile=\"2\"\n        data-margin=\"20\"\n        data-autoplay=\"true\"\n        data-slide-duration=\"3000\"\n        data-loop=\"false\"\n    >\n                                    <div class=\"item-carousel\">\n                            \t<div class=\"client-item style_2\">\n                                                    <img decoding=\"async\" src=\"https:\/\/saffm.centrekabir.com\/wp-content\/uploads\/2024\/01\/Td2.png\" alt=\"\">\n                                            <\/div>\n                            <\/div>\n                                                <div class=\"item-carousel\">\n                            \t<div class=\"client-item style_2\">\n                                                    <img decoding=\"async\" src=\"https:\/\/saffm.centrekabir.com\/wp-content\/uploads\/2024\/01\/council.png\" alt=\"\">\n                                            <\/div>\n                            <\/div>\n                                                <div class=\"item-carousel\">\n                            \t<div class=\"client-item style_2\">\n                                                    <img decoding=\"async\" src=\"https:\/\/saffm.centrekabir.com\/wp-content\/uploads\/2024\/01\/Councel.png\" alt=\"\">\n                                            <\/div>\n                            <\/div>\n                                                <div class=\"item-carousel\">\n                            \t<div class=\"client-item style_2\">\n                                                    <img decoding=\"async\" src=\"https:\/\/saffm.centrekabir.com\/wp-content\/uploads\/2024\/01\/Saguenay.png\" alt=\"\">\n                                            <\/div>\n                            <\/div>\n                                                <div class=\"item-carousel\">\n                            \t<div class=\"client-item style_2\">\n                                                    <img decoding=\"async\" src=\"https:\/\/saffm.centrekabir.com\/wp-content\/uploads\/2024\/01\/canada.png\" alt=\"\">\n                                            <\/div>\n                            <\/div>\n                                                <div class=\"item-carousel\">\n                            \t<div class=\"client-item style_2\">\n                                                    <img decoding=\"async\" src=\"https:\/\/saffm.centrekabir.com\/wp-content\/uploads\/2024\/01\/Cinema.png\" alt=\"\">\n                                            <\/div>\n                            <\/div>\n                                                <div class=\"item-carousel\">\n                            \t<div class=\"client-item style_2\">\n                                                    <img decoding=\"async\" src=\"https:\/\/saffm.centrekabir.com\/wp-content\/uploads\/2024\/01\/Assante.png\" alt=\"\">\n                                            <\/div>\n                            <\/div>\n                        <\/div>\n<\/div>            <\/div>\n                    <\/div><\/div><\/div><\/div><\/div><\/div><\/div><\/div><div class=\"vc_row-full-width vc_clearfix\"><\/div><div id=\"sponsor\" data-vc-full-width=\"true\" data-vc-full-width-init=\"false\" class=\"vc_row wpb_row vc_row-fluid vc_custom_1706538717206 vc_row-has-fill vc_row-o-content-middle vc_row-flex\"><div class=\"wpb_column vc_column_container vc_col-sm-2\"><div class=\"vc_column-inner\"><div class=\"wpb_wrapper\"><\/div><\/div><\/div><div class=\"wpb_column vc_column_container vc_col-sm-8\"><div class=\"vc_column-inner\"><div class=\"wpb_wrapper\"><h2 style=\"color: #ffffff;text-align: center\" class=\"vc_custom_heading vc_custom_1706535587217 heading_style_6\"><span class=\"hightlight-heading\" >Vous voulez nous soutenir ?<\/span> Impliquez-vous avec nous<\/h2>\n<div class=\"wpcf7 no-js\" id=\"wpcf7-f4024-o1\" lang=\"en-US\" dir=\"ltr\" data-wpcf7-id=\"4024\">\n<div class=\"screen-reader-response\"><p role=\"status\" aria-live=\"polite\" aria-atomic=\"true\"><\/p> <ul><\/ul><\/div>\n<form action=\"\/fr\/wp-json\/wp\/v2\/pages\/102#wpcf7-f4024-o1\" method=\"post\" class=\"wpcf7-form init\" aria-label=\"Contact form\" novalidate=\"novalidate\" data-status=\"init\" data-trp-original-action=\"\/fr\/wp-json\/wp\/v2\/pages\/102#wpcf7-f4024-o1\">\n<fieldset class=\"hidden-fields-container\"><input type=\"hidden\" name=\"_wpcf7\" value=\"4024\" \/><input type=\"hidden\" name=\"_wpcf7_version\" value=\"6.1.5\" \/><input type=\"hidden\" name=\"_wpcf7_locale\" value=\"en_US\" \/><input type=\"hidden\" name=\"_wpcf7_unit_tag\" value=\"wpcf7-f4024-o1\" \/><input type=\"hidden\" name=\"_wpcf7_container_post\" value=\"0\" \/><input type=\"hidden\" name=\"_wpcf7_posted_data_hash\" value=\"\" \/><input type=\"hidden\" name=\"_wpcf7_recaptcha_response\" value=\"\" \/>\n<\/fieldset>\n<div class=\"contact-form\">\n<div class=\"contact-name\">\n<div><span class=\"wpcf7-form-control-wrap\" data-name=\"your-name\"><input size=\"40\" maxlength=\"400\" class=\"wpcf7-form-control wpcf7-text wpcf7-validates-as-required\" aria-required=\"true\" aria-invalid=\"false\" placeholder=\"Votre nom *\" value=\"\" type=\"text\" name=\"your-name\" \/><\/span><\/div>\n<\/div>\n<div class=\"contact-email\">\n<div><span class=\"wpcf7-form-control-wrap\" data-name=\"your-email\"><input size=\"40\" maxlength=\"400\" class=\"wpcf7-form-control wpcf7-email wpcf7-validates-as-required wpcf7-text wpcf7-validates-as-email\" aria-required=\"true\" aria-invalid=\"false\" placeholder=\"Votre courriel *\" value=\"\" type=\"email\" name=\"your-email\" \/><\/span><\/div>\n<\/div>\n<div class=\"contact-phone\">\n<div><span class=\"wpcf7-form-control-wrap\" data-name=\"your-subject\"><input size=\"40\" maxlength=\"400\" class=\"wpcf7-form-control wpcf7-text\" aria-invalid=\"false\" placeholder=\"Phone # *\" value=\"\" type=\"text\" name=\"your-subject\" \/><\/span><\/div>\n<\/div>\n<div class=\"contact-message\">\n<div><span class=\"wpcf7-form-control-wrap\" data-name=\"your-message\"><textarea cols=\"40\" rows=\"5\" maxlength=\"2000\" class=\"wpcf7-form-control wpcf7-textarea\" aria-invalid=\"false\" placeholder=\"Message\" name=\"your-message\"><\/textarea><\/span><\/div>\n<\/div>\n<div class=\"contact-submit\">\n<input class=\"wpcf7-form-control wpcf7-submit has-spinner\" type=\"submit\" value=\"Impliquez-vous avec nous\" \/>\n<\/div>\n<\/div><div class=\"wpcf7-response-output\" aria-hidden=\"true\"><\/div>\n<input type=\"hidden\" name=\"trp-form-language\" value=\"fr\"\/><\/form>\n<\/div>\n<\/div><\/div><\/div><div class=\"wpb_column vc_column_container vc_col-sm-2\"><div class=\"vc_column-inner\"><div class=\"wpb_wrapper\"><\/div><\/div><\/div><\/div><div class=\"vc_row-full-width vc_clearfix\"><\/div><div id=\"volunteer\" data-vc-full-width=\"true\" data-vc-full-width-init=\"false\" class=\"vc_row wpb_row vc_row-fluid vc_custom_1706538664794 vc_row-has-fill\"><div class=\"wpb_column vc_column_container vc_col-sm-12\"><div class=\"vc_column-inner\"><div class=\"wpb_wrapper\"><div class=\"vc_row wpb_row vc_inner vc_row-fluid\"><div class=\"wpb_column vc_column_container vc_col-sm-2\"><div class=\"vc_column-inner\"><div class=\"wpb_wrapper\"><\/div><\/div><\/div><div class=\"wpb_column vc_column_container vc_col-sm-8\"><div class=\"vc_column-inner\"><div class=\"wpb_wrapper\"><h2 style=\"text-align: center\" class=\"vc_custom_heading heading_style_1\">B\u00e9n\u00e9voles<\/h2><h2 style=\"text-align: center\" class=\"vc_custom_heading heading_style_6\"><span class=\"pre-heading\" >En tant que festival g\u00e9r\u00e9 par des b\u00e9n\u00e9voles, votre soutien est la force motrice qui permet au SAFFM de se r\u00e9aliser.<\/span> <\/h2><h2 style=\"text-align: center\" class=\"vc_custom_heading heading_style_6\"><span class=\"hightlight-heading\" >Si vous \u00eates int\u00e9ress\u00e9 \u00e0 faire du b\u00e9n\u00e9volat pour le festival, \u00e9crivez-nous.<\/span> <\/h2><h2 style=\"text-align: center\" class=\"vc_custom_heading vc_custom_1706537049599 heading_style_1\">info@centrekabir.com<\/h2><\/div><\/div><\/div><div class=\"wpb_column vc_column_container vc_col-sm-2\"><div class=\"vc_column-inner\"><div class=\"wpb_wrapper\"><\/div><\/div><\/div><\/div><div class=\"vc_row wpb_row vc_inner vc_row-fluid vc_custom_1529468903206\"><div class=\"wpb_column vc_column_container vc_col-sm-12\"><div class=\"vc_column-inner\"><div class=\"wpb_wrapper\"><div class=\"vc_separator wpb_content_element vc_separator_align_center vc_sep_width_100 vc_sep_pos_align_center vc_separator_no_text\" ><span class=\"vc_sep_holder vc_sep_holder_l\"><span style=\"border-color:#cccccc;\" class=\"vc_sep_line\"><\/span><\/span><span class=\"vc_sep_holder vc_sep_holder_r\"><span style=\"border-color:#cccccc;\" class=\"vc_sep_line\"><\/span><\/span>\n<\/div><\/div><\/div><\/div><\/div><\/div><\/div><\/div><\/div><div class=\"vc_row-full-width vc_clearfix\"><\/div><div id=\"donate\" data-vc-full-width=\"true\" data-vc-full-width-init=\"false\" class=\"vc_row wpb_row vc_row-fluid vc_custom_1714939244775 vc_row-has-fill\"><div class=\"wpb_column vc_column_container vc_col-sm-12\"><div class=\"vc_column-inner\"><div class=\"wpb_wrapper\"><div class=\"vc_row wpb_row vc_inner vc_row-fluid\"><div class=\"wpb_column vc_column_container vc_col-sm-2\"><div class=\"vc_column-inner\"><div class=\"wpb_wrapper\"><\/div><\/div><\/div><div class=\"wpb_column vc_column_container vc_col-sm-8\"><div class=\"vc_column-inner\"><div class=\"wpb_wrapper\"><h2 style=\"text-align: center\" class=\"vc_custom_heading heading_style_1\">Faites un don<\/h2><h2 style=\"color: #ffffff;text-align: center\" class=\"vc_custom_heading fw-400 heading_style_6\"><span class=\"pre-heading\" >Partnering<\/span> <span class=\"hightlight-heading\" >with SAFFM<\/span> as a donor<\/h2><h2 style=\"font-size: 20px;color: #ffffff;text-align: center\" class=\"vc_custom_heading fw-400 heading_style_6\">Your financial support for the charitable organisation is fully tax-deductible. Please get in touch with us if you would like to donate to us.<\/h2><\/div><\/div><\/div><div class=\"wpb_column vc_column_container vc_col-sm-2\"><div class=\"vc_column-inner\"><div class=\"wpb_wrapper\"><\/div><\/div><\/div><\/div><div class=\"vc_row wpb_row vc_inner vc_row-fluid vc_custom_1529311584877\"><div class=\"wpb_column vc_column_container vc_col-sm-12\"><div class=\"vc_column-inner\"><div class=\"wpb_wrapper\"><div class=\"button_style_1 vc_btn3-container vc_btn3-center\" >\n\t<a class=\"vc_general vc_btn3 vc_btn3-size-md vc_btn3-shape-rounded vc_btn3-style-modern vc_btn3-color-grey\" href=\"https:\/\/www.canadahelps.org\/en\/charities\/centre-culturel-kabir\/\" title=\"\" target=\"_blank\">Aidez-nous d\u00e8s maintenant<\/a><\/div>\n<\/div><\/div><\/div><\/div><\/div><\/div><\/div><\/div><div class=\"vc_row-full-width vc_clearfix\"><\/div>\n<\/div>","protected":false},"excerpt":{"rendered":"Celebrating a Decade of Cinematic ExcellenceThe Journey of Our Festival Founded in 2011 under the visionary guidance of the late Mrs. Vijaya Mulay, a luminary in documentary filmmaking, film history, and education, and Mr. Thomas Waugh, the esteemed Distinguished Professor Emeritus of Film Studies and Interdisciplinary Studies in Sexuality and Cinema at Concordia University, our [...]","protected":false},"author":1,"featured_media":0,"parent":0,"menu_order":0,"comment_status":"closed","ping_status":"closed","template":"","meta":{"footnotes":""},"class_list":["post-102","page","type-page","status-publish","hentry","clearfix"],"_links":{"self":[{"href":"https:\/\/saffm.centrekabir.com\/fr\/wp-json\/wp\/v2\/pages\/102","targetHints":{"allow":["GET"]}}],"collection":[{"href":"https:\/\/saffm.centrekabir.com\/fr\/wp-json\/wp\/v2\/pages"}],"about":[{"href":"https:\/\/saffm.centrekabir.com\/fr\/wp-json\/wp\/v2\/types\/page"}],"author":[{"embeddable":true,"href":"https:\/\/saffm.centrekabir.com\/fr\/wp-json\/wp\/v2\/users\/1"}],"replies":[{"embeddable":true,"href":"https:\/\/saffm.centrekabir.com\/fr\/wp-json\/wp\/v2\/comments?post=102"}],"version-history":[{"count":4,"href":"https:\/\/saffm.centrekabir.com\/fr\/wp-json\/wp\/v2\/pages\/102\/revisions"}],"predecessor-version":[{"id":5096,"href":"https:\/\/saffm.centrekabir.com\/fr\/wp-json\/wp\/v2\/pages\/102\/revisions\/5096"}],"wp:attachment":[{"href":"https:\/\/saffm.centrekabir.com\/fr\/wp-json\/wp\/v2\/media?parent=102"}],"curies":[{"name":"wp","href":"https:\/\/api.w.org\/{rel}","templated":true}]}}