{"id":2458,"date":"2018-08-06T09:25:09","date_gmt":"2018-08-06T09:25:09","guid":{"rendered":"https:\/\/demo.harutheme.com\/formota\/?page_id=2458"},"modified":"2026-04-18T15:11:59","modified_gmt":"2026-04-18T15:11:59","slug":"about-us","status":"publish","type":"page","link":"https:\/\/saffm.centrekabir.com\/fr\/about-us\/","title":{"rendered":"\u00c0 PROPOS"},"content":{"rendered":"<div class=\"wpb-content-wrapper\"><div class=\"vc_row wpb_row vc_row-fluid\"><div class=\"wpb_column vc_column_container vc_col-sm-12\"><div class=\"vc_column-inner\"><div class=\"wpb_wrapper\"><div class=\"vc_row wpb_row vc_inner vc_row-fluid\"><div class=\"wpb_column vc_column_container vc_col-sm-12\"><div class=\"vc_column-inner\"><div class=\"wpb_wrapper\"><h2 style=\"text-align: center\" class=\"vc_custom_heading heading_style_15\">D\u00e9couvrez le FFASM<\/h2><h2 style=\"text-align: center\" class=\"vc_custom_heading fw-700 lt-spacing-5 vc_custom_1704736798120 heading_style_13\">ET SA RICHE PROGRAMMATION CIN\u00c9MATOGRAPHIQUE<\/h2><\/div><\/div><\/div><\/div><div class=\"vc_row wpb_row vc_inner vc_row-fluid\"><div class=\"wpb_column vc_column_container vc_col-sm-12\"><div class=\"vc_column-inner\"><div class=\"wpb_wrapper\">\n\t<div class=\"wpb_text_column wpb_content_element  vc_custom_1776524248222 secondary-font heading-color\" >\n\t\t<div class=\"wpb_wrapper\">\n\t\t\t<p style=\"text-align: center;\">The festival was founded in 2011 with guidance from Late Mrs. Vijaya Mulay, distinguished documentary filmmaker, film historian, writer, educationist and researcher, and Mr. Thomas Waugh, Distinguished Professor Emeritus of Film Studies and Interdisciplinary Studies in Sexuality, Cinema at Concordia University.<\/p>\n<p>The festival presents films made mostly by independent filmmakers and includes a variety of themes. Now in its 15th edition, SAFFM has grown into one of Canada&#8217;s leading South Asian film festivals, presented annually in Montreal and online.<\/p>\n<p>The festival invites films from South Asian countries \u2014 Afghanistan, Nepal, Pakistan, India, Bangladesh, Bhutan, Sri Lanka \u2014 and their diaspora around the world. Occasionally and at our discretion, we include films from neighbouring countries of this region. The festival has grown from 6 films in 2011 to 79 films in 2026, screened both in-cinema at Cin\u00e9ma J.A. DeS\u00e8ve, Concordia University, and online. The languages represented include national and regional languages of the respective countries, as well as English and French.<\/p>\n\n\t\t<\/div>\n\t<\/div>\n<\/div><\/div><\/div><\/div><div class=\"vc_row wpb_row vc_inner vc_row-fluid vc_custom_1533614494805\"><div class=\"wpb_column vc_column_container vc_col-sm-1\"><div class=\"vc_column-inner\"><div class=\"wpb_wrapper\"><\/div><\/div><\/div><div class=\"wpb_column vc_column_container vc_col-sm-10\"><div class=\"vc_column-inner\"><div class=\"wpb_wrapper\">                        <div class=\"\">\n                <div class=\"clients-shortcode-wrap carousel\">\n    <div class=\"haru-carousel clients-list owl-carousel owl-theme\"\n        data-items=\"5\"\n        data-items-tablet=\"3\"\n        data-items-mobile=\"2\"\n        data-margin=\"20\"\n        data-autoplay=\"false\"\n        data-slide-duration=\"6000\"\n        data-loop=\"false\"\n    >\n                                    <div class=\"item-carousel\">\n                            \t<div class=\"client-item style_1\">\n                                                    <img decoding=\"async\" src=\"https:\/\/saffm.centrekabir.com\/wp-content\/uploads\/2024\/02\/BFFD.png\" alt=\"\">\n                                            <\/div>\n                            <\/div>\n                                                <div class=\"item-carousel\">\n                            \t<div class=\"client-item style_1\">\n                                                    <img decoding=\"async\" src=\"https:\/\/saffm.centrekabir.com\/wp-content\/uploads\/2024\/02\/BFDD.png\" alt=\"\">\n                                            <\/div>\n                            <\/div>\n                                                <div class=\"item-carousel\">\n                            \t<div class=\"client-item style_1\">\n                                                    <img decoding=\"async\" src=\"https:\/\/saffm.centrekabir.com\/wp-content\/uploads\/2024\/02\/BSFD.png\" alt=\"\">\n                                            <\/div>\n                            <\/div>\n                                                <div class=\"item-carousel\">\n                            \t<div class=\"client-item style_1\">\n                                                    <img decoding=\"async\" src=\"https:\/\/saffm.centrekabir.com\/wp-content\/uploads\/2024\/02\/BSDD.png\" alt=\"\">\n                                            <\/div>\n                            <\/div>\n                                                <div class=\"item-carousel\">\n                            \t<div class=\"client-item style_1\">\n                                                    <img decoding=\"async\" src=\"https:\/\/saffm.centrekabir.com\/wp-content\/uploads\/2024\/02\/ACAD.png\" alt=\"\">\n                                            <\/div>\n                            <\/div>\n                        <\/div>\n<\/div>            <\/div>\n                    <\/div><\/div><\/div><div class=\"wpb_column vc_column_container vc_col-sm-1\"><div class=\"vc_column-inner\"><div class=\"wpb_wrapper\"><\/div><\/div><\/div><\/div><\/div><\/div><\/div><\/div><div class=\"vc_row wpb_row vc_row-fluid vc_custom_1533614458371\"><div class=\"wpb_column vc_column_container vc_col-sm-12\"><div class=\"vc_column-inner\"><div class=\"wpb_wrapper\"><div class=\"vc_row wpb_row vc_inner vc_row-fluid\"><div class=\"wpb_column vc_column_container vc_col-sm-6\"><div class=\"vc_column-inner\"><div class=\"wpb_wrapper\"><h2 style=\"text-align: left\" class=\"vc_custom_heading vc_custom_1704737278687 heading_style_5\"><span class=\"pre-heading\" >FFASM:<\/span> <span class=\"hightlight-heading\" >UNE D\u00c9CENNIE DE DIVERSIT\u00c9,<\/span> METTANT EN LUMI\u00c8RE FILMS IND\u00c9PENDANTS DE L'ASIE DU SUD ET AILLEURS<\/h2>  \n        \n        <div class=\"\">\n                <div class=\"single-video-shortcode-wrapper style_3\">\n        <div class=\"video-content\">\n                            <div class=\"video-image\">\n                                            <img decoding=\"async\" src=\"https:\/\/saffm.centrekabir.com\/wp-content\/uploads\/2026\/04\/AboutPageVideo.jpg\" alt=\"SAFFM 2026\">\n                                                            <div class=\"video-icon\">\n                        <a href=\"javascript:;\" class=\"view-video-button\" data-id=\"6704\" data-player=\"none\" data-server=\"youtube\"><\/a>\n                    <\/div>\n                                        <div class=\"video-meta\">\n                        <h5 class=\"video-title\"><a href=\"https:\/\/saffm.centrekabir.com\/fr\/video\/saffm-2026\/\">SAFFM 2026<\/a><\/h5>\n                    <\/div>\n                <\/div>\n                    <\/div>\n    <\/div>\n        <\/div>\n        \n        <\/div><\/div><\/div><div class=\"wpb_column vc_column_container vc_col-sm-6\"><div class=\"vc_column-inner\"><div class=\"wpb_wrapper\">                    <div class=\"\">\n                <div class=\"accordion-shortcode-wrap style_1\">\n    <div class=\"accordion-shortcode-content\">\n        <div class=\"panel-group\" id=\"accordion-3975779575\">\n                        <div class=\"panel\">\n                <div class=\"panel-heading\">\n                    <h4 class=\"panel-title\">\n                        <a data-toggle=\"collapse\" class=\"in\" data-parent=\"#accordion-3975779575\" href=\"#mission-statement\">Notre Mission<\/a>\n                    <\/h4>\n                <\/div>\n                <div id=\"mission-statement\" class=\"panel-collapse collapse in\">\n                    <div class=\"panel-body\">\n                        <p>Le festival des films de l'asie du sud de Montr\u00e9al s'engage \u00e0 pr\u00e9senter des oeuvres cinematographiques r\u00e9centes qui conduisent aux d\u00e9bats constructifs et qui explore le monde que nos vivons. Le festival aspire \u00eatre une platforme pour les cin\u00e9astes du monde dont les films concernent l'asie du sud ou leur diaspora et qui sont pertinent au Canada, ses valeurs d\u00e9mocratiques et r\u00e9conciliation de plusieurs points de vue culturels.<\/p>                    <\/div>\n                <\/div>\n            <\/div>\n                        <div class=\"panel\">\n                <div class=\"panel-heading\">\n                    <h4 class=\"panel-title\">\n                        <a data-toggle=\"collapse\" class=\"\" data-parent=\"#accordion-3975779575\" href=\"#language\">Langue<\/a>\n                    <\/h4>\n                <\/div>\n                <div id=\"language\" class=\"panel-collapse collapse\">\n                    <div class=\"panel-body\">\n                        <p> A Mosaic of Cultural Expressions<\/p>\n<p>Une mosa\u00efque d'expressions culturelles, le festival est une symphonie de langues qui pr\u00e9sente des films dans plusieurs langues r\u00e9gionales de l'Asie du Sud, y compris l'anglais. Cette diversit\u00e9 linguistique t\u00e9moigne de notre engagement envers la repr\u00e9sentativit\u00e9 culturelle et l'inclusion.<\/p>\n<p>Le festival pr\u00e9sente, dans la mesure du possible, des films avec des soustitres en anglais et\/ou en fran\u00e7ais pour assurer la participation des anglophones et des francophones.<\/p>                    <\/div>\n                <\/div>\n            <\/div>\n                        <div class=\"panel\">\n                <div class=\"panel-heading\">\n                    <h4 class=\"panel-title\">\n                        <a data-toggle=\"collapse\" class=\"\" data-parent=\"#accordion-3975779575\" href=\"#awards\">Prix<\/a>\n                    <\/h4>\n                <\/div>\n                <div id=\"awards\" class=\"panel-collapse collapse\">\n                    <div class=\"panel-body\">\n                        <p>Le FFASM offre des prix prestigieux pour reconna\u00eetre la qualit\u00e9 des oeuvres. Les prix sont Les meilleur films fiction court-m\u00e9trage et long-m\u00e9trage et les meilleurs films documentaires court-m\u00e9trage et long-m\u00e9trage. En plus de reconna\u00eetre les talents des cin\u00e9astes, ces prix enrichissent  le paysage cin\u00e9matographique mondial, favorisant un esprit d'exploration artistique et appr\u00e9ciation culturelle. Joignez-vous \u00e0 nous pour applaudir les talents des cin\u00e9astes qui contribuent \u00e0 l'art du cin\u00e9ma et \u00e0 la narration fascinante au FFASM.<\/p>                    <\/div>\n                <\/div>\n            <\/div>\n                    <\/div>\n    <\/div>\n<\/div>            <\/div>\n                <\/div><\/div><\/div><\/div><\/div><\/div><\/div><\/div><div class=\"vc_row wpb_row vc_row-fluid vc_custom_1533615275763\"><div class=\"wpb_column vc_column_container vc_col-sm-12\"><div class=\"vc_column-inner\"><div class=\"wpb_wrapper\"><div class=\"vc_row wpb_row vc_inner vc_row-fluid\"><div class=\"wpb_column vc_column_container vc_col-sm-12\"><div class=\"vc_column-inner\"><div class=\"wpb_wrapper\"><h2 style=\"text-align: center\" class=\"vc_custom_heading heading_style_1\">\u00c9QUIPE FFASM<\/h2><h2 style=\"text-align: center\" class=\"vc_custom_heading heading_style_6\"><span class=\"pre-heading\" >Passion du cin\u00e9ma,<\/span> <span class=\"hightlight-heading\" >qui r\u00e9unit des forces cr\u00e9atrices<\/span> <\/h2><\/div><\/div><\/div><\/div><div class=\"vc_row wpb_row vc_inner vc_row-fluid vc_custom_1533615329791\"><div class=\"wpb_column vc_column_container vc_col-sm-12\"><div class=\"vc_column-inner\"><div class=\"wpb_wrapper\">  \n        \n        <div class=\"\">\n                <div class=\"teammember-shortcode-wrap carousel\">\n        <div class=\"haru-carousel teammember-list owl-carousel owl-theme\"\n            data-items=\"5\"\n            data-items-desktop=\"4\"\n            data-items-tablet=\"3\"\n            data-items-mobile=\"2\"\n            data-margin=\"30\"\n            data-autoplay=\"true\"\n            data-slide-duration=\"6000\"\n            data-loop=\"true\"\n            data-counter=\"true\"\n        >\n                        <div class=\"team-item\">\n                    <div class=\"team-content\">\n                        <div class=\"team-image\">\n                            <img loading=\"lazy\" decoding=\"async\" width=\"400\" height=\"492\" src=\"https:\/\/saffm.centrekabir.com\/wp-content\/uploads\/2018\/08\/Syeda-1.jpg\" class=\"attachment-full size-full wp-post-image\" alt=\"\" srcset=\"https:\/\/saffm.centrekabir.com\/wp-content\/uploads\/2018\/08\/Syeda-1.jpg 400w, https:\/\/saffm.centrekabir.com\/wp-content\/uploads\/2018\/08\/Syeda-1-244x300.jpg 244w\" sizes=\"auto, (max-width: 400px) 100vw, 400px\" \/>                                                            <ul class=\"member-socials\">\n                                                                    <li class=\"member-social\"><a href=\"#\"><i class=\"fa fa-facebook\"><\/i>Facebook<\/a><\/li>\n                                                                    <li class=\"member-social\"><a href=\"#\"><i class=\"fa fa-instagram\"><\/i>Instagram<\/a><\/li>\n                                                                    <li class=\"member-social\"><a href=\"#\"><i class=\"fa fa-youtube\"><\/i>Youtube<\/a><\/li>\n                                                                <\/ul>\n                                                    <\/div>\n                        <div class=\"team-meta\">\n                                                        <h5 class=\"team-title\">\n                                                                    Syeda Nayab Bukhari                                                            <\/h5>\n                                                        <p class=\"team-position\">\/ Head of Programing and Festival Director 2021- Holding a doctorate from Simon Fraser University and a postdoctoral fellowship from McGill, Syeda teaches social sciences part-time at Concordia University. Her expertise in qualitative research, media, and community program development informs her work in improving the lives of marginalized and minority groups in Canada.<\/p>\n                                                    <\/div>\n                    <\/div>\n            <\/div>\n                        <div class=\"team-item special\">\n                    <div class=\"team-content\">\n                        <div class=\"team-image\">\n                            <img loading=\"lazy\" decoding=\"async\" width=\"400\" height=\"492\" src=\"https:\/\/saffm.centrekabir.com\/wp-content\/uploads\/2018\/07\/Raghu1-1.jpg\" class=\"attachment-full size-full wp-post-image\" alt=\"\" srcset=\"https:\/\/saffm.centrekabir.com\/wp-content\/uploads\/2018\/07\/Raghu1-1.jpg 400w, https:\/\/saffm.centrekabir.com\/wp-content\/uploads\/2018\/07\/Raghu1-1-244x300.jpg 244w\" sizes=\"auto, (max-width: 400px) 100vw, 400px\" \/>                                                            <ul class=\"member-socials\">\n                                                                    <li class=\"member-social\"><a href=\"#\"><i class=\"fa fa-facebook\"><\/i>Facebook<\/a><\/li>\n                                                                    <li class=\"member-social\"><a href=\"#\"><i class=\"fa fa-twitter\"><\/i>Twitter<\/a><\/li>\n                                                                <\/ul>\n                                                    <\/div>\n                        <div class=\"team-meta\">\n                                                        <h5 class=\"team-title\">\n                                                                    TK (Raghu) Raghunathan                                                            <\/h5>\n                                                        <p class=\"team-position\">\/ Festival President: TK (Raghu) Raghunathan has been associated with Kabir Cultural Centre and the film festival since their inception. With education and career spanning three continents,\u00a0Raghu\u00a0brings his vast experience in managing complex international projects to the sustenance and growth of the film festival.<\/p>\n                                                    <\/div>\n                    <\/div>\n            <\/div>\n                        <div class=\"team-item\">\n                    <div class=\"team-content\">\n                        <div class=\"team-image\">\n                            <img loading=\"lazy\" decoding=\"async\" width=\"400\" height=\"492\" src=\"https:\/\/saffm.centrekabir.com\/wp-content\/uploads\/2018\/07\/Sukhpreet.jpg\" class=\"attachment-full size-full wp-post-image\" alt=\"\" srcset=\"https:\/\/saffm.centrekabir.com\/wp-content\/uploads\/2018\/07\/Sukhpreet.jpg 400w, https:\/\/saffm.centrekabir.com\/wp-content\/uploads\/2018\/07\/Sukhpreet-244x300.jpg 244w\" sizes=\"auto, (max-width: 400px) 100vw, 400px\" \/>                                                            <ul class=\"member-socials\">\n                                                                    <li class=\"member-social\"><a href=\"#\"><i class=\"fa fa-facebook\"><\/i>Facebook<\/a><\/li>\n                                                                    <li class=\"member-social\"><a href=\"#\"><i class=\"fa fa-twitter\"><\/i>Twitter<\/a><\/li>\n                                                                    <li class=\"member-social\"><a href=\"#\"><i class=\"fa fa-instagram\"><\/i>Instagram<\/a><\/li>\n                                                                    <li class=\"member-social\"><a href=\"#\"><i class=\"fa fa-youtube\"><\/i>Youtube<\/a><\/li>\n                                                                <\/ul>\n                                                    <\/div>\n                        <div class=\"team-meta\">\n                                                        <h5 class=\"team-title\">\n                                                                    Sukhpreet Kahlon                                                            <\/h5>\n                                                        <p class=\"team-position\">\/ Artistic Director, Film Curator and Scholar, Sukhpreet Kahlon writes on film history, independent films and Punjabi cinema. She is the co-translator of Sone Chandi Ke Buth: Writings on Cinema and is Trustee, Khwaja Ahmed Abbas Memorial Trust.<\/p>\n                                                    <\/div>\n                    <\/div>\n            <\/div>\n                        <div class=\"team-item special\">\n                    <div class=\"team-content\">\n                        <div class=\"team-image\">\n                            <img loading=\"lazy\" decoding=\"async\" width=\"400\" height=\"492\" src=\"https:\/\/saffm.centrekabir.com\/wp-content\/uploads\/2018\/07\/Dushyant-2024.jpg\" class=\"attachment-full size-full wp-post-image\" alt=\"\" srcset=\"https:\/\/saffm.centrekabir.com\/wp-content\/uploads\/2018\/07\/Dushyant-2024.jpg 400w, https:\/\/saffm.centrekabir.com\/wp-content\/uploads\/2018\/07\/Dushyant-2024-244x300.jpg 244w\" sizes=\"auto, (max-width: 400px) 100vw, 400px\" \/>                                                            <ul class=\"member-socials\">\n                                                                    <li class=\"member-social\"><a href=\"#\"><i class=\"fa fa-facebook\"><\/i>Facebook<\/a><\/li>\n                                                                    <li class=\"member-social\"><a href=\"#\"><i class=\"fa fa-twitter\"><\/i>Twitter<\/a><\/li>\n                                                                    <li class=\"member-social\"><a href=\"#\"><i class=\"fa fa-instagram\"><\/i>Instagram<\/a><\/li>\n                                                                <\/ul>\n                                                    <\/div>\n                        <div class=\"team-meta\">\n                                                        <h5 class=\"team-title\">\n                                                                    Dushyant Yajnik                                                            <\/h5>\n                                                        <p class=\"team-position\">\/ Dushyant Yajnik is a retired M.D.-Psychotherapist and psychoanalyst.\u00a0A longtime film buff, he has been on the SAFFM organizing team for several years. He was its festival director in 2016 and 2020.<\/p>\n                                                    <\/div>\n                    <\/div>\n            <\/div>\n                        <div class=\"team-item\">\n                    <div class=\"team-content\">\n                        <div class=\"team-image\">\n                            <img loading=\"lazy\" decoding=\"async\" width=\"400\" height=\"492\" src=\"https:\/\/saffm.centrekabir.com\/wp-content\/uploads\/2025\/03\/Uzair.jpg\" class=\"attachment-full size-full wp-post-image\" alt=\"\" srcset=\"https:\/\/saffm.centrekabir.com\/wp-content\/uploads\/2025\/03\/Uzair.jpg 400w, https:\/\/saffm.centrekabir.com\/wp-content\/uploads\/2025\/03\/Uzair-244x300.jpg 244w, https:\/\/saffm.centrekabir.com\/wp-content\/uploads\/2025\/03\/Uzair-10x12.jpg 10w\" sizes=\"auto, (max-width: 400px) 100vw, 400px\" \/>                                                            <ul class=\"member-socials\">\n                                                                    <li class=\"member-social\"><a href=\"https:\/\/www.instagram.com\/uzairsurhio\"><i class=\"fa fa-instagram\"><\/i>Instagram<\/a><\/li>\n                                                                    <li class=\"member-social\"><a href=\"https:\/\/www.linkedin.com\/in\/uzair-ahmed-surhio\"><i class=\"fa fa-linkedin\"><\/i>LinkedIn<\/a><\/li>\n                                                                <\/ul>\n                                                    <\/div>\n                        <div class=\"team-meta\">\n                                                        <h5 class=\"team-title\">\n                                                                    Uzair Surhio                                                            <\/h5>\n                                                        <p class=\"team-position\">\/ Festival Programmer & Coordinator \u2013 A filmmaker and festival programmer with a Master\u2019s in Film, his work highlights untold South Asian stories and overlooked narratives of the region\u2019s socio-cultural realities, often focusing on social justice. He received the Citizen Storytelling Award (2023) and a Solutions Storytelling Asia \u2013 Video Consortium fellowship.<\/p>\n                                                    <\/div>\n                    <\/div>\n            <\/div>\n                    <\/div>\n        <div class=\"slider-counter\"><\/div>\n    <\/div>\n        <\/div>  \n        \n        <\/div><\/div><\/div><\/div><div class=\"vc_row wpb_row vc_inner vc_row-fluid\"><div class=\"wpb_column vc_column_container vc_col-sm-6\"><div class=\"vc_column-inner\"><div class=\"wpb_wrapper\"><div class=\"button_style_7 vc_btn3-container vc_btn3-right\" >\n\t<a class=\"vc_general vc_btn3 vc_btn3-size-md vc_btn3-shape-rounded vc_btn3-style-modern vc_btn3-color-grey\" href=\"https:\/\/saffm.gravixar.com\/contact-saffm\/\" title=\"\">CONTACTEZ-NOUS<\/a><\/div>\n<\/div><\/div><\/div><div class=\"wpb_column vc_column_container vc_col-sm-6\"><div class=\"vc_column-inner\"><div class=\"wpb_wrapper\"><div class=\"button_style_8 vc_btn3-container vc_btn3-left\" >\n\t<a class=\"vc_general vc_btn3 vc_btn3-size-md vc_btn3-shape-rounded vc_btn3-style-modern vc_btn3-color-grey\" href=\"https:\/\/saffm.gravixar.com\/support-us\/#volunteer\" title=\"\">B\u00e9n\u00e9voles<\/a><\/div>\n<\/div><\/div><\/div><\/div><\/div><\/div><\/div><\/div>\n<\/div>","protected":false},"excerpt":{"rendered":"A filmmaker and festival programmer with a Master\u2019s in Film, his work highlights untold South Asian stories and overlooked narratives of the region\u2019s socio-cultural realities, often focusing on social justice. He received the Citizen Storytelling Award (2023) and a Solutions Storytelling Asia \u2013 Video Consortium fellowship.","protected":false},"author":1,"featured_media":0,"parent":0,"menu_order":0,"comment_status":"closed","ping_status":"closed","template":"","meta":{"footnotes":""},"class_list":["post-2458","page","type-page","status-publish","hentry","clearfix"],"_links":{"self":[{"href":"https:\/\/saffm.centrekabir.com\/fr\/wp-json\/wp\/v2\/pages\/2458","targetHints":{"allow":["GET"]}}],"collection":[{"href":"https:\/\/saffm.centrekabir.com\/fr\/wp-json\/wp\/v2\/pages"}],"about":[{"href":"https:\/\/saffm.centrekabir.com\/fr\/wp-json\/wp\/v2\/types\/page"}],"author":[{"embeddable":true,"href":"https:\/\/saffm.centrekabir.com\/fr\/wp-json\/wp\/v2\/users\/1"}],"replies":[{"embeddable":true,"href":"https:\/\/saffm.centrekabir.com\/fr\/wp-json\/wp\/v2\/comments?post=2458"}],"version-history":[{"count":11,"href":"https:\/\/saffm.centrekabir.com\/fr\/wp-json\/wp\/v2\/pages\/2458\/revisions"}],"predecessor-version":[{"id":6871,"href":"https:\/\/saffm.centrekabir.com\/fr\/wp-json\/wp\/v2\/pages\/2458\/revisions\/6871"}],"wp:attachment":[{"href":"https:\/\/saffm.centrekabir.com\/fr\/wp-json\/wp\/v2\/media?parent=2458"}],"curies":[{"name":"wp","href":"https:\/\/api.w.org\/{rel}","templated":true}]}}