{"id":4629,"date":"2018-06-12T04:20:10","date_gmt":"2018-06-12T04:20:10","guid":{"rendered":"https:\/\/demo.harutheme.com\/formota\/?page_id=11"},"modified":"2024-03-02T10:57:39","modified_gmt":"2024-03-02T10:57:39","slug":"news","status":"publish","type":"page","link":"https:\/\/saffm.centrekabir.com\/fr\/news\/","title":{"rendered":"NOUVELLES"},"content":{"rendered":"<div class=\"wpb-content-wrapper\"><div class=\"vc_row wpb_row vc_row-fluid\"><div class=\"wpb_column vc_column_container vc_col-sm-12\"><div class=\"vc_column-inner\"><div class=\"wpb_wrapper\">            <div class=\"\">\n                    <div class=\"blog-shortcode-wrapper masonry\">\n        <div class=\"blog-list columns-2\">\n                \n                    <article class=\"blog-item\">\n                <div class=\"post-content\">\n                    <div class=\"post-thumbnail\">\n                        <div class=\"post-image\">\n                            <img loading=\"lazy\" decoding=\"async\" width=\"1065\" height=\"801\" src=\"https:\/\/saffm.centrekabir.com\/wp-content\/uploads\/2025\/10\/SAFFM2025Post.jpg\" class=\"attachment-post-thumbnail size-post-thumbnail wp-post-image\" alt=\"\" srcset=\"https:\/\/saffm.centrekabir.com\/wp-content\/uploads\/2025\/10\/SAFFM2025Post.jpg 1065w, https:\/\/saffm.centrekabir.com\/wp-content\/uploads\/2025\/10\/SAFFM2025Post-300x226.jpg 300w, https:\/\/saffm.centrekabir.com\/wp-content\/uploads\/2025\/10\/SAFFM2025Post-1024x770.jpg 1024w, https:\/\/saffm.centrekabir.com\/wp-content\/uploads\/2025\/10\/SAFFM2025Post-768x578.jpg 768w, https:\/\/saffm.centrekabir.com\/wp-content\/uploads\/2025\/10\/SAFFM2025Post-16x12.jpg 16w\" sizes=\"auto, (max-width: 1065px) 100vw, 1065px\" \/>                        <\/div>\n                    <\/div>\n                    <div class=\"post-meta\">\n                        <div class=\"post-category\">\n                                                            <a href=\"https:\/\/saffm.centrekabir.com\/fr\/category\/blog\/\" rel=\"category tag\">Blog<\/a>, <a href=\"https:\/\/saffm.centrekabir.com\/fr\/category\/in-news\/\" rel=\"category tag\">In News<\/a>, <a href=\"https:\/\/saffm.centrekabir.com\/fr\/category\/saffm-2025\/\" rel=\"category tag\">SAFFM 2025<\/a>                                                    <\/div>\n                        <h3 class=\"post-title\"><a href=\"https:\/\/saffm.centrekabir.com\/fr\/where-stories-meet-saffmontreal-2025-closes-on-a-powerful-note\/\">Where Stories Meet: SAFFMontr\u00e9al 2025 Closes on a Powerful Note<\/a><\/h3>\n                        <p class=\"post-excerpt\">\n                            ...                        <\/p>\n                        <div class=\"post-other-meta\">\n                            <div class=\"post-meta-views\"><i class=\"ion ion-md-eye\"><\/i>638 Views<\/div>\n                            <div class=\"post-meta-comment\">\n                                <i class=\"ion ion-md-chatboxes\"><\/i>\n                                <a href=\"https:\/\/saffm.centrekabir.com\/fr\/where-stories-meet-saffmontreal-2025-closes-on-a-powerful-note\/#respond\">No Comments<\/a>                            <\/div>\n                        <\/div>\n                    <\/div>\n                <\/div>\n            <\/article>\n                    <article class=\"blog-item\">\n                <div class=\"post-content\">\n                    <div class=\"post-thumbnail\">\n                        <div class=\"post-image\">\n                            <img loading=\"lazy\" decoding=\"async\" width=\"900\" height=\"675\" src=\"https:\/\/saffm.centrekabir.com\/wp-content\/uploads\/2025\/10\/Winners.jpg\" class=\"attachment-post-thumbnail size-post-thumbnail wp-post-image\" alt=\"\" srcset=\"https:\/\/saffm.centrekabir.com\/wp-content\/uploads\/2025\/10\/Winners.jpg 900w, https:\/\/saffm.centrekabir.com\/wp-content\/uploads\/2025\/10\/Winners-300x225.jpg 300w, https:\/\/saffm.centrekabir.com\/wp-content\/uploads\/2025\/10\/Winners-768x576.jpg 768w, https:\/\/saffm.centrekabir.com\/wp-content\/uploads\/2025\/10\/Winners-16x12.jpg 16w\" sizes=\"auto, (max-width: 900px) 100vw, 900px\" \/>                        <\/div>\n                    <\/div>\n                    <div class=\"post-meta\">\n                        <div class=\"post-category\">\n                                                            <a href=\"https:\/\/saffm.centrekabir.com\/fr\/category\/blog\/\" rel=\"category tag\">Blog<\/a>, <a href=\"https:\/\/saffm.centrekabir.com\/fr\/category\/in-news\/\" rel=\"category tag\">In News<\/a>, <a href=\"https:\/\/saffm.centrekabir.com\/fr\/category\/winners\/\" rel=\"category tag\">Winners<\/a>                                                    <\/div>\n                        <h3 class=\"post-title\"><a href=\"https:\/\/saffm.centrekabir.com\/fr\/saffmontreal-2025-award-winners-spotlight\/\">SAFFMontr\u00e9al 2025: Award-Winners Spotlight<\/a><\/h3>\n                        <p class=\"post-excerpt\">\n                            ...                        <\/p>\n                        <div class=\"post-other-meta\">\n                            <div class=\"post-meta-views\"><i class=\"ion ion-md-eye\"><\/i>468 Views<\/div>\n                            <div class=\"post-meta-comment\">\n                                <i class=\"ion ion-md-chatboxes\"><\/i>\n                                <a href=\"https:\/\/saffm.centrekabir.com\/fr\/saffmontreal-2025-award-winners-spotlight\/#respond\">No Comments<\/a>                            <\/div>\n                        <\/div>\n                    <\/div>\n                <\/div>\n            <\/article>\n                    <article class=\"blog-item\">\n                <div class=\"post-content\">\n                    <div class=\"post-thumbnail\">\n                        <div class=\"post-image\">\n                            <img loading=\"lazy\" decoding=\"async\" width=\"900\" height=\"675\" src=\"https:\/\/saffm.centrekabir.com\/wp-content\/uploads\/2025\/10\/In-News-2025.jpg\" class=\"attachment-post-thumbnail size-post-thumbnail wp-post-image\" alt=\"\" srcset=\"https:\/\/saffm.centrekabir.com\/wp-content\/uploads\/2025\/10\/In-News-2025.jpg 900w, https:\/\/saffm.centrekabir.com\/wp-content\/uploads\/2025\/10\/In-News-2025-300x225.jpg 300w, https:\/\/saffm.centrekabir.com\/wp-content\/uploads\/2025\/10\/In-News-2025-768x576.jpg 768w, https:\/\/saffm.centrekabir.com\/wp-content\/uploads\/2025\/10\/In-News-2025-16x12.jpg 16w\" sizes=\"auto, (max-width: 900px) 100vw, 900px\" \/>                        <\/div>\n                    <\/div>\n                    <div class=\"post-meta\">\n                        <div class=\"post-category\">\n                                                            <a href=\"https:\/\/saffm.centrekabir.com\/fr\/category\/blog\/\" rel=\"category tag\">Blog<\/a>, <a href=\"https:\/\/saffm.centrekabir.com\/fr\/category\/in-news\/\" rel=\"category tag\">In News<\/a>, <a href=\"https:\/\/saffm.centrekabir.com\/fr\/category\/winners\/\" rel=\"category tag\">Winners<\/a>                                                    <\/div>\n                        <h3 class=\"post-title\"><a href=\"https:\/\/saffm.centrekabir.com\/fr\/saffmontreal-in-the-press-2025-media-features-highlights\/\">SAFFMontr\u00e9al in the Press 2025: Media Features &amp; Highlights<\/a><\/h3>\n                        <p class=\"post-excerpt\">\n                            ...                        <\/p>\n                        <div class=\"post-other-meta\">\n                            <div class=\"post-meta-views\"><i class=\"ion ion-md-eye\"><\/i>447 Views<\/div>\n                            <div class=\"post-meta-comment\">\n                                <i class=\"ion ion-md-chatboxes\"><\/i>\n                                <a href=\"https:\/\/saffm.centrekabir.com\/fr\/saffmontreal-in-the-press-2025-media-features-highlights\/#respond\">No Comments<\/a>                            <\/div>\n                        <\/div>\n                    <\/div>\n                <\/div>\n            <\/article>\n                    <article class=\"blog-item\">\n                <div class=\"post-content\">\n                    <div class=\"post-thumbnail\">\n                        <div class=\"post-image\">\n                            <img loading=\"lazy\" decoding=\"async\" width=\"840\" height=\"440\" src=\"https:\/\/saffm.centrekabir.com\/wp-content\/uploads\/2024\/01\/Banner2.jpg\" class=\"attachment-post-thumbnail size-post-thumbnail wp-post-image\" alt=\"\" srcset=\"https:\/\/saffm.centrekabir.com\/wp-content\/uploads\/2024\/01\/Banner2.jpg 840w, https:\/\/saffm.centrekabir.com\/wp-content\/uploads\/2024\/01\/Banner2-300x157.jpg 300w, https:\/\/saffm.centrekabir.com\/wp-content\/uploads\/2024\/01\/Banner2-768x402.jpg 768w\" sizes=\"auto, (max-width: 840px) 100vw, 840px\" \/>                        <\/div>\n                    <\/div>\n                    <div class=\"post-meta\">\n                        <div class=\"post-category\">\n                                                            <a href=\"https:\/\/saffm.centrekabir.com\/fr\/category\/in-news\/\" rel=\"category tag\">In News<\/a>                                                    <\/div>\n                        <h3 class=\"post-title\"><a href=\"https:\/\/saffm.centrekabir.com\/fr\/saffm-in-the-news-media-coverage-and-highlights\/\">Le FFASM dans les actualit\u00e9s : Couverture m\u00e9diatique et points forts<\/a><\/h3>\n                        <p class=\"post-excerpt\">\n                            ...                        <\/p>\n                        <div class=\"post-other-meta\">\n                            <div class=\"post-meta-views\"><i class=\"ion ion-md-eye\"><\/i>1820 Views<\/div>\n                            <div class=\"post-meta-comment\">\n                                <i class=\"ion ion-md-chatboxes\"><\/i>\n                                <a href=\"https:\/\/saffm.centrekabir.com\/fr\/saffm-in-the-news-media-coverage-and-highlights\/#respond\">No Comments<\/a>                            <\/div>\n                        <\/div>\n                    <\/div>\n                <\/div>\n            <\/article>\n                    <article class=\"blog-item\">\n                <div class=\"post-content\">\n                    <div class=\"post-thumbnail\">\n                        <div class=\"post-image\">\n                            <img loading=\"lazy\" decoding=\"async\" width=\"840\" height=\"440\" src=\"https:\/\/saffm.centrekabir.com\/wp-content\/uploads\/2023\/04\/PostBanner.jpg\" class=\"attachment-post-thumbnail size-post-thumbnail wp-post-image\" alt=\"\" srcset=\"https:\/\/saffm.centrekabir.com\/wp-content\/uploads\/2023\/04\/PostBanner.jpg 840w, https:\/\/saffm.centrekabir.com\/wp-content\/uploads\/2023\/04\/PostBanner-300x157.jpg 300w, https:\/\/saffm.centrekabir.com\/wp-content\/uploads\/2023\/04\/PostBanner-768x402.jpg 768w\" sizes=\"auto, (max-width: 840px) 100vw, 840px\" \/>                        <\/div>\n                    <\/div>\n                    <div class=\"post-meta\">\n                        <div class=\"post-category\">\n                                                            <a href=\"https:\/\/saffm.centrekabir.com\/fr\/category\/in-news\/\" rel=\"category tag\">In News<\/a>, <a href=\"https:\/\/saffm.centrekabir.com\/fr\/category\/interviews\/\" rel=\"category tag\">Interviews<\/a>                                                    <\/div>\n                        <h3 class=\"post-title\"><a href=\"https:\/\/saffm.centrekabir.com\/fr\/exploring-diversity-through-cinema-saffm-12th-annual-event\/\">Explorer la diversit\u00e9 \u00e0 travers le cin\u00e9ma : 12e \u00e9v\u00e9nement annuel du FFASM<\/a><\/h3>\n                        <p class=\"post-excerpt\">\n                            ...                        <\/p>\n                        <div class=\"post-other-meta\">\n                            <div class=\"post-meta-views\"><i class=\"ion ion-md-eye\"><\/i>1507 Views<\/div>\n                            <div class=\"post-meta-comment\">\n                                <i class=\"ion ion-md-chatboxes\"><\/i>\n                                <a href=\"https:\/\/saffm.centrekabir.com\/fr\/exploring-diversity-through-cinema-saffm-12th-annual-event\/#respond\">No Comments<\/a>                            <\/div>\n                        <\/div>\n                    <\/div>\n                <\/div>\n            <\/article>\n                    <article class=\"blog-item\">\n                <div class=\"post-content\">\n                    <div class=\"post-thumbnail\">\n                        <div class=\"post-image\">\n                            <img loading=\"lazy\" decoding=\"async\" width=\"840\" height=\"440\" src=\"https:\/\/saffm.centrekabir.com\/wp-content\/uploads\/2021\/12\/SAFFM-post3.jpg\" class=\"attachment-post-thumbnail size-post-thumbnail wp-post-image\" alt=\"\" srcset=\"https:\/\/saffm.centrekabir.com\/wp-content\/uploads\/2021\/12\/SAFFM-post3.jpg 840w, https:\/\/saffm.centrekabir.com\/wp-content\/uploads\/2021\/12\/SAFFM-post3-300x157.jpg 300w, https:\/\/saffm.centrekabir.com\/wp-content\/uploads\/2021\/12\/SAFFM-post3-768x402.jpg 768w\" sizes=\"auto, (max-width: 840px) 100vw, 840px\" \/>                        <\/div>\n                    <\/div>\n                    <div class=\"post-meta\">\n                        <div class=\"post-category\">\n                                                            <a href=\"https:\/\/saffm.centrekabir.com\/fr\/category\/in-news\/\" rel=\"category tag\">In News<\/a>                                                    <\/div>\n                        <h3 class=\"post-title\"><a href=\"https:\/\/saffm.centrekabir.com\/fr\/catch-the-highlights-on-cbc-lite\/\">Ne manquez pas les temps forts sur CBC Lite !<\/a><\/h3>\n                        <p class=\"post-excerpt\">\n                            ...                        <\/p>\n                        <div class=\"post-other-meta\">\n                            <div class=\"post-meta-views\"><i class=\"ion ion-md-eye\"><\/i>994 Views<\/div>\n                            <div class=\"post-meta-comment\">\n                                <i class=\"ion ion-md-chatboxes\"><\/i>\n                                <a href=\"https:\/\/saffm.centrekabir.com\/fr\/catch-the-highlights-on-cbc-lite\/#respond\">No Comments<\/a>                            <\/div>\n                        <\/div>\n                    <\/div>\n                <\/div>\n            <\/article>\n                    <article class=\"blog-item\">\n                <div class=\"post-content\">\n                    <div class=\"post-thumbnail\">\n                        <div class=\"post-image\">\n                            <img loading=\"lazy\" decoding=\"async\" width=\"840\" height=\"440\" src=\"https:\/\/saffm.centrekabir.com\/wp-content\/uploads\/2021\/12\/SAFFM-post2.jpg\" class=\"attachment-post-thumbnail size-post-thumbnail wp-post-image\" alt=\"\" srcset=\"https:\/\/saffm.centrekabir.com\/wp-content\/uploads\/2021\/12\/SAFFM-post2.jpg 840w, https:\/\/saffm.centrekabir.com\/wp-content\/uploads\/2021\/12\/SAFFM-post2-300x157.jpg 300w, https:\/\/saffm.centrekabir.com\/wp-content\/uploads\/2021\/12\/SAFFM-post2-768x402.jpg 768w\" sizes=\"auto, (max-width: 840px) 100vw, 840px\" \/>                        <\/div>\n                    <\/div>\n                    <div class=\"post-meta\">\n                        <div class=\"post-category\">\n                                                            <a href=\"https:\/\/saffm.centrekabir.com\/fr\/category\/in-news\/\" rel=\"category tag\">In News<\/a>                                                    <\/div>\n                        <h3 class=\"post-title\"><a href=\"https:\/\/saffm.centrekabir.com\/fr\/saffmontreal-in-the-spotlight\/\">Le FFASM sous les projecteurs : \u00c0 l'affiche dans le magazine \u00ab The Montrealer \u00bb !<\/a><\/h3>\n                        <p class=\"post-excerpt\">\n                            ...                        <\/p>\n                        <div class=\"post-other-meta\">\n                            <div class=\"post-meta-views\"><i class=\"ion ion-md-eye\"><\/i>1202 Views<\/div>\n                            <div class=\"post-meta-comment\">\n                                <i class=\"ion ion-md-chatboxes\"><\/i>\n                                <a href=\"https:\/\/saffm.centrekabir.com\/fr\/saffmontreal-in-the-spotlight\/#respond\">No Comments<\/a>                            <\/div>\n                        <\/div>\n                    <\/div>\n                <\/div>\n            <\/article>\n                <\/div>\n\n            <\/div>\n            <\/div>\n            <\/div><\/div><\/div><\/div>\n<\/div>","protected":false},"excerpt":{"rendered":"Dive into the vibrant world of SAFFMontr\u00e9al as it takes center stage in a recent feature on \"The Montrealer\" magazine. Explore the rich narrative of the South Asian Film Festival's 12th edition, set to unfold from April 28 to May 7, 2023, both in cinemas and online. Cinematic Brilliance: Uncover the festival's commitment to showcasing [...]","protected":false},"author":1,"featured_media":0,"parent":0,"menu_order":0,"comment_status":"closed","ping_status":"closed","template":"","meta":{"footnotes":""},"class_list":["post-4629","page","type-page","status-publish","hentry","clearfix"],"_links":{"self":[{"href":"https:\/\/saffm.centrekabir.com\/fr\/wp-json\/wp\/v2\/pages\/4629","targetHints":{"allow":["GET"]}}],"collection":[{"href":"https:\/\/saffm.centrekabir.com\/fr\/wp-json\/wp\/v2\/pages"}],"about":[{"href":"https:\/\/saffm.centrekabir.com\/fr\/wp-json\/wp\/v2\/types\/page"}],"author":[{"embeddable":true,"href":"https:\/\/saffm.centrekabir.com\/fr\/wp-json\/wp\/v2\/users\/1"}],"replies":[{"embeddable":true,"href":"https:\/\/saffm.centrekabir.com\/fr\/wp-json\/wp\/v2\/comments?post=4629"}],"version-history":[{"count":1,"href":"https:\/\/saffm.centrekabir.com\/fr\/wp-json\/wp\/v2\/pages\/4629\/revisions"}],"predecessor-version":[{"id":4702,"href":"https:\/\/saffm.centrekabir.com\/fr\/wp-json\/wp\/v2\/pages\/4629\/revisions\/4702"}],"wp:attachment":[{"href":"https:\/\/saffm.centrekabir.com\/fr\/wp-json\/wp\/v2\/media?parent=4629"}],"curies":[{"name":"wp","href":"https:\/\/api.w.org\/{rel}","templated":true}]}}