{"id":5134,"date":"2024-05-15T12:12:08","date_gmt":"2024-05-15T12:12:08","guid":{"rendered":"https:\/\/saffm.centrekabir.com\/?page_id=5134"},"modified":"2024-05-15T12:12:08","modified_gmt":"2024-05-15T12:12:08","slug":"blog","status":"publish","type":"page","link":"https:\/\/saffm.centrekabir.com\/fr\/blog\/","title":{"rendered":"Blog"},"content":{"rendered":"<div class=\"wpb-content-wrapper\"><div class=\"vc_row wpb_row vc_row-fluid\"><div class=\"wpb_column vc_column_container vc_col-sm-12\"><div class=\"vc_column-inner\"><div class=\"wpb_wrapper\">            <div class=\"\">\n                    <div class=\"blog-shortcode-wrapper masonry\">\n        <div class=\"blog-list columns-2\">\n                \n                    <article class=\"blog-item\">\n                <div class=\"post-content\">\n                    <div class=\"post-thumbnail\">\n                        <div class=\"post-image\">\n                            <img loading=\"lazy\" decoding=\"async\" width=\"1065\" height=\"801\" src=\"https:\/\/saffm.centrekabir.com\/wp-content\/uploads\/2025\/10\/SAFFM2025Post.jpg\" class=\"attachment-post-thumbnail size-post-thumbnail wp-post-image\" alt=\"\" srcset=\"https:\/\/saffm.centrekabir.com\/wp-content\/uploads\/2025\/10\/SAFFM2025Post.jpg 1065w, https:\/\/saffm.centrekabir.com\/wp-content\/uploads\/2025\/10\/SAFFM2025Post-300x226.jpg 300w, https:\/\/saffm.centrekabir.com\/wp-content\/uploads\/2025\/10\/SAFFM2025Post-1024x770.jpg 1024w, https:\/\/saffm.centrekabir.com\/wp-content\/uploads\/2025\/10\/SAFFM2025Post-768x578.jpg 768w, https:\/\/saffm.centrekabir.com\/wp-content\/uploads\/2025\/10\/SAFFM2025Post-16x12.jpg 16w\" sizes=\"auto, (max-width: 1065px) 100vw, 1065px\" \/>                        <\/div>\n                    <\/div>\n                    <div class=\"post-meta\">\n                        <div class=\"post-category\">\n                                                            <a href=\"https:\/\/saffm.centrekabir.com\/fr\/category\/blog\/\" rel=\"category tag\">Blog<\/a>, <a href=\"https:\/\/saffm.centrekabir.com\/fr\/category\/in-news\/\" rel=\"category tag\">In News<\/a>, <a href=\"https:\/\/saffm.centrekabir.com\/fr\/category\/saffm-2025\/\" rel=\"category tag\">SAFFM 2025<\/a>                                                    <\/div>\n                        <h3 class=\"post-title\"><a href=\"https:\/\/saffm.centrekabir.com\/fr\/where-stories-meet-saffmontreal-2025-closes-on-a-powerful-note\/\">Where Stories Meet: SAFFMontr\u00e9al 2025 Closes on a Powerful Note<\/a><\/h3>\n                        <p class=\"post-excerpt\">\n                            ...                        <\/p>\n                        <div class=\"post-other-meta\">\n                            <div class=\"post-meta-views\"><i class=\"ion ion-md-eye\"><\/i>638 Views<\/div>\n                            <div class=\"post-meta-comment\">\n                                <i class=\"ion ion-md-chatboxes\"><\/i>\n                                <a href=\"https:\/\/saffm.centrekabir.com\/fr\/where-stories-meet-saffmontreal-2025-closes-on-a-powerful-note\/#respond\">No Comments<\/a>                            <\/div>\n                        <\/div>\n                    <\/div>\n                <\/div>\n            <\/article>\n                    <article class=\"blog-item\">\n                <div class=\"post-content\">\n                    <div class=\"post-thumbnail\">\n                        <div class=\"post-image\">\n                            <img loading=\"lazy\" decoding=\"async\" width=\"900\" height=\"675\" src=\"https:\/\/saffm.centrekabir.com\/wp-content\/uploads\/2025\/10\/Winners.jpg\" class=\"attachment-post-thumbnail size-post-thumbnail wp-post-image\" alt=\"\" srcset=\"https:\/\/saffm.centrekabir.com\/wp-content\/uploads\/2025\/10\/Winners.jpg 900w, https:\/\/saffm.centrekabir.com\/wp-content\/uploads\/2025\/10\/Winners-300x225.jpg 300w, https:\/\/saffm.centrekabir.com\/wp-content\/uploads\/2025\/10\/Winners-768x576.jpg 768w, https:\/\/saffm.centrekabir.com\/wp-content\/uploads\/2025\/10\/Winners-16x12.jpg 16w\" sizes=\"auto, (max-width: 900px) 100vw, 900px\" \/>                        <\/div>\n                    <\/div>\n                    <div class=\"post-meta\">\n                        <div class=\"post-category\">\n                                                            <a href=\"https:\/\/saffm.centrekabir.com\/fr\/category\/blog\/\" rel=\"category tag\">Blog<\/a>, <a href=\"https:\/\/saffm.centrekabir.com\/fr\/category\/in-news\/\" rel=\"category tag\">In News<\/a>, <a href=\"https:\/\/saffm.centrekabir.com\/fr\/category\/winners\/\" rel=\"category tag\">Winners<\/a>                                                    <\/div>\n                        <h3 class=\"post-title\"><a href=\"https:\/\/saffm.centrekabir.com\/fr\/saffmontreal-2025-award-winners-spotlight\/\">SAFFMontr\u00e9al 2025: Award-Winners Spotlight<\/a><\/h3>\n                        <p class=\"post-excerpt\">\n                            ...                        <\/p>\n                        <div class=\"post-other-meta\">\n                            <div class=\"post-meta-views\"><i class=\"ion ion-md-eye\"><\/i>468 Views<\/div>\n                            <div class=\"post-meta-comment\">\n                                <i class=\"ion ion-md-chatboxes\"><\/i>\n                                <a href=\"https:\/\/saffm.centrekabir.com\/fr\/saffmontreal-2025-award-winners-spotlight\/#respond\">No Comments<\/a>                            <\/div>\n                        <\/div>\n                    <\/div>\n                <\/div>\n            <\/article>\n                    <article class=\"blog-item\">\n                <div class=\"post-content\">\n                    <div class=\"post-thumbnail\">\n                        <div class=\"post-image\">\n                            <img loading=\"lazy\" decoding=\"async\" width=\"900\" height=\"675\" src=\"https:\/\/saffm.centrekabir.com\/wp-content\/uploads\/2025\/10\/In-News-2025.jpg\" class=\"attachment-post-thumbnail size-post-thumbnail wp-post-image\" alt=\"\" srcset=\"https:\/\/saffm.centrekabir.com\/wp-content\/uploads\/2025\/10\/In-News-2025.jpg 900w, https:\/\/saffm.centrekabir.com\/wp-content\/uploads\/2025\/10\/In-News-2025-300x225.jpg 300w, https:\/\/saffm.centrekabir.com\/wp-content\/uploads\/2025\/10\/In-News-2025-768x576.jpg 768w, https:\/\/saffm.centrekabir.com\/wp-content\/uploads\/2025\/10\/In-News-2025-16x12.jpg 16w\" sizes=\"auto, (max-width: 900px) 100vw, 900px\" \/>                        <\/div>\n                    <\/div>\n                    <div class=\"post-meta\">\n                        <div class=\"post-category\">\n                                                            <a href=\"https:\/\/saffm.centrekabir.com\/fr\/category\/blog\/\" rel=\"category tag\">Blog<\/a>, <a href=\"https:\/\/saffm.centrekabir.com\/fr\/category\/in-news\/\" rel=\"category tag\">In News<\/a>, <a href=\"https:\/\/saffm.centrekabir.com\/fr\/category\/winners\/\" rel=\"category tag\">Winners<\/a>                                                    <\/div>\n                        <h3 class=\"post-title\"><a href=\"https:\/\/saffm.centrekabir.com\/fr\/saffmontreal-in-the-press-2025-media-features-highlights\/\">SAFFMontr\u00e9al in the Press 2025: Media Features &amp; Highlights<\/a><\/h3>\n                        <p class=\"post-excerpt\">\n                            ...                        <\/p>\n                        <div class=\"post-other-meta\">\n                            <div class=\"post-meta-views\"><i class=\"ion ion-md-eye\"><\/i>447 Views<\/div>\n                            <div class=\"post-meta-comment\">\n                                <i class=\"ion ion-md-chatboxes\"><\/i>\n                                <a href=\"https:\/\/saffm.centrekabir.com\/fr\/saffmontreal-in-the-press-2025-media-features-highlights\/#respond\">No Comments<\/a>                            <\/div>\n                        <\/div>\n                    <\/div>\n                <\/div>\n            <\/article>\n                    <article class=\"blog-item\">\n                <div class=\"post-content\">\n                    <div class=\"post-thumbnail\">\n                        <div class=\"post-image\">\n                            <img loading=\"lazy\" decoding=\"async\" width=\"900\" height=\"675\" src=\"https:\/\/saffm.centrekabir.com\/wp-content\/uploads\/2024\/06\/GallerySaffm.jpg\" class=\"attachment-post-thumbnail size-post-thumbnail wp-post-image\" alt=\"\" srcset=\"https:\/\/saffm.centrekabir.com\/wp-content\/uploads\/2024\/06\/GallerySaffm.jpg 900w, https:\/\/saffm.centrekabir.com\/wp-content\/uploads\/2024\/06\/GallerySaffm-300x225.jpg 300w, https:\/\/saffm.centrekabir.com\/wp-content\/uploads\/2024\/06\/GallerySaffm-768x576.jpg 768w, https:\/\/saffm.centrekabir.com\/wp-content\/uploads\/2024\/06\/GallerySaffm-16x12.jpg 16w\" sizes=\"auto, (max-width: 900px) 100vw, 900px\" \/>                        <\/div>\n                    <\/div>\n                    <div class=\"post-meta\">\n                        <div class=\"post-category\">\n                                                            <a href=\"https:\/\/saffm.centrekabir.com\/fr\/category\/blog\/\" rel=\"category tag\">Blog<\/a>                                                    <\/div>\n                        <h3 class=\"post-title\"><a href=\"https:\/\/saffm.centrekabir.com\/fr\/saffm-2024-festival-closing-and-awards\/\">SAFFM 2024: Festival Closing and Awards<\/a><\/h3>\n                        <p class=\"post-excerpt\">\n                            ...                        <\/p>\n                        <div class=\"post-other-meta\">\n                            <div class=\"post-meta-views\"><i class=\"ion ion-md-eye\"><\/i>1711 Views<\/div>\n                            <div class=\"post-meta-comment\">\n                                <i class=\"ion ion-md-chatboxes\"><\/i>\n                                <a href=\"https:\/\/saffm.centrekabir.com\/fr\/saffm-2024-festival-closing-and-awards\/#respond\">No Comments<\/a>                            <\/div>\n                        <\/div>\n                    <\/div>\n                <\/div>\n            <\/article>\n                    <article class=\"blog-item\">\n                <div class=\"post-content\">\n                    <div class=\"post-thumbnail\">\n                        <div class=\"post-image\">\n                            <img loading=\"lazy\" decoding=\"async\" width=\"1081\" height=\"800\" src=\"https:\/\/saffm.centrekabir.com\/wp-content\/uploads\/2024\/05\/Opening-2024.jpg\" class=\"attachment-post-thumbnail size-post-thumbnail wp-post-image\" alt=\"\" srcset=\"https:\/\/saffm.centrekabir.com\/wp-content\/uploads\/2024\/05\/Opening-2024.jpg 1081w, https:\/\/saffm.centrekabir.com\/wp-content\/uploads\/2024\/05\/Opening-2024-300x222.jpg 300w, https:\/\/saffm.centrekabir.com\/wp-content\/uploads\/2024\/05\/Opening-2024-1024x758.jpg 1024w, https:\/\/saffm.centrekabir.com\/wp-content\/uploads\/2024\/05\/Opening-2024-768x568.jpg 768w, https:\/\/saffm.centrekabir.com\/wp-content\/uploads\/2024\/05\/Opening-2024-16x12.jpg 16w\" sizes=\"auto, (max-width: 1081px) 100vw, 1081px\" \/>                        <\/div>\n                    <\/div>\n                    <div class=\"post-meta\">\n                        <div class=\"post-category\">\n                                                            <a href=\"https:\/\/saffm.centrekabir.com\/fr\/category\/blog\/\" rel=\"category tag\">Blog<\/a>                                                    <\/div>\n                        <h3 class=\"post-title\"><a href=\"https:\/\/saffm.centrekabir.com\/fr\/saffm-2024-opening-closing-films\/\">SAFFM 2024 Opening &amp; Closing films<\/a><\/h3>\n                        <p class=\"post-excerpt\">\n                            ...                        <\/p>\n                        <div class=\"post-other-meta\">\n                            <div class=\"post-meta-views\"><i class=\"ion ion-md-eye\"><\/i>1536 Views<\/div>\n                            <div class=\"post-meta-comment\">\n                                <i class=\"ion ion-md-chatboxes\"><\/i>\n                                <a href=\"https:\/\/saffm.centrekabir.com\/fr\/saffm-2024-opening-closing-films\/#comments\">18 Comments<\/a>                            <\/div>\n                        <\/div>\n                    <\/div>\n                <\/div>\n            <\/article>\n                <\/div>\n\n            <\/div>\n            <\/div>\n            <\/div><\/div><\/div><\/div>\n<\/div>","protected":false},"excerpt":{"rendered":"The 13th edition of the South Asian Film Festival of Montr\u00e9al (SAFFM) is being held from 24th May to 2nd June, 2024 in collaboration with La Cin\u00e9math\u00e8que Qu\u00e9b\u00e9coise, and the J.A. DeS\u00e8ve Cinema, Concordia University. A platform for filmmakers of South Asian origin worldwide, SAFFMontr\u00e9al presents an eclectic choice of inspiring and thought-provoking films pertinent [...]","protected":false},"author":1,"featured_media":0,"parent":0,"menu_order":0,"comment_status":"closed","ping_status":"closed","template":"","meta":{"footnotes":""},"class_list":["post-5134","page","type-page","status-publish","hentry","clearfix"],"_links":{"self":[{"href":"https:\/\/saffm.centrekabir.com\/fr\/wp-json\/wp\/v2\/pages\/5134","targetHints":{"allow":["GET"]}}],"collection":[{"href":"https:\/\/saffm.centrekabir.com\/fr\/wp-json\/wp\/v2\/pages"}],"about":[{"href":"https:\/\/saffm.centrekabir.com\/fr\/wp-json\/wp\/v2\/types\/page"}],"author":[{"embeddable":true,"href":"https:\/\/saffm.centrekabir.com\/fr\/wp-json\/wp\/v2\/users\/1"}],"replies":[{"embeddable":true,"href":"https:\/\/saffm.centrekabir.com\/fr\/wp-json\/wp\/v2\/comments?post=5134"}],"version-history":[{"count":1,"href":"https:\/\/saffm.centrekabir.com\/fr\/wp-json\/wp\/v2\/pages\/5134\/revisions"}],"predecessor-version":[{"id":5135,"href":"https:\/\/saffm.centrekabir.com\/fr\/wp-json\/wp\/v2\/pages\/5134\/revisions\/5135"}],"wp:attachment":[{"href":"https:\/\/saffm.centrekabir.com\/fr\/wp-json\/wp\/v2\/media?parent=5134"}],"curies":[{"name":"wp","href":"https:\/\/api.w.org\/{rel}","templated":true}]}}